{"id":536,"date":"2024-11-04T17:13:20","date_gmt":"2024-11-04T16:13:20","guid":{"rendered":"https:\/\/www.mariameneghelli.com\/?page_id=536"},"modified":"2024-11-04T17:47:39","modified_gmt":"2024-11-04T16:47:39","slug":"mentions-legales-et-gestion-des-cookies","status":"publish","type":"page","link":"https:\/\/www.mariameneghelli.com\/index.php\/mentions-legales-et-gestion-des-cookies\/","title":{"rendered":"Mentions l\u00e9gales et gestion des cookies"},"content":{"rendered":"<p>Conform\u00e9ment aux dispositions de la loi n\u00b0 2004-575 du 21 juin 2004 pour la confiance en l&rsquo;\u00e9conomie num\u00e9rique, il est pr\u00e9cis\u00e9 aux utilisateurs du site MMM architecture l&rsquo;identit\u00e9 des diff\u00e9rents intervenants dans le cadre de sa r\u00e9alisation et de son suivi.<\/p>\n<p><b>Edition du site<br \/>\n<\/b>Le pr\u00e9sent site, accessible \u00e0 l\u2019URL www.mariameneghelli.com (le \u00ab Site \u00bb), est \u00e9dit\u00e9 par :<br \/>\nMaria Meneghelli, r\u00e9sidant 29 rue de la Paix 92270 Bois Colombes, de nationalit\u00e9 Italienne (Italie), n\u00e9(e) le 04\/09\/1986,<br \/>\nLe num\u00e9ro individuel TVA de l\u2019\u00e9diteur est : FR 24753790302.<\/p>\n<p><b>H\u00e9bergement<br \/>\n<\/b>Le Site est h\u00e9berg\u00e9 par la soci\u00e9t\u00e9 OVH SAS, situ\u00e9 2 rue Kellermann &#8211; BP 80157 &#8211; 59053 Roubaix Cedex 1, (contact t\u00e9l\u00e9phonique ou email : 1007).<\/p>\n<p><b>Directeur de publication<br \/>\n<\/b>Le Directeur de la publication du Site est Maria Meneghelli.<\/p>\n<p><b>Nous contacter<br \/>\n<\/b>Par t\u00e9l\u00e9phone\u00a0: +33767297874<br \/>\nPar email\u00a0: meneghellimaria@gmail.com<br \/>\nPar courrier\u00a0: 29 rue de la Paix 92270 Bois Colombes<\/p>\n<p>&nbsp;<\/p>\n<p><strong>GESTION DES COOKIES<\/strong><\/p>\n<p>Lors de la consultation de notre site www.mariameneghelli.com, des cookies sont d\u00e9pos\u00e9s sur votre ordinateur, votre mobile ou votre tablette.<\/p>\n<p>Les seuls cookies utilis\u00e9s par le site www.mariameneghelli.com sont ceux destin\u00e9s \u00e0 la mesure d&rsquo;audience et ne collectent pas de donn\u00e9es personnelles. Les outils de mesures d\u2019audience sont d\u00e9ploy\u00e9s afin d\u2019obtenir des informations sur la navigation des visiteurs. Ils permettent notamment de comprendre comment les utilisateurs arrivent sur un site et de reconstituer leur parcours.<\/p>\n<p>Les donn\u00e9es g\u00e9n\u00e9r\u00e9es par les cookies sont transmises et stock\u00e9es par les prestataires de mesure d\u2019audience (Xiti).<\/p>\n<p>D\u00e9finition d\u2019un cookie:<\/p>\n<p>Un cookie est un fichier texte d\u00e9pos\u00e9 sur votre ordinateur lors de la visite d&rsquo;un site ou de la consultation d&rsquo;une publicit\u00e9. Il a pour but de collecter des informations relatives \u00e0 votre navigation et de vous adresser des services adapt\u00e9s \u00e0 votre terminal (ordinateur, mobile ou tablette). Les cookies sont g\u00e9r\u00e9s par votre navigateur Internet.<\/p>\n<p>Nous veillons, dans la mesure du possible, \u00e0 ce que les prestataires de mesures d&rsquo;audience respectent strictement la loi n\u00b0 78-17 du 6 janvier 1978 relative \u00e0 l&rsquo;informatique, aux fichiers et aux libert\u00e9s et s&rsquo;engagent \u00e0 mettre en \u0153uvre des mesures appropri\u00e9es de s\u00e9curisation et de protection de la confidentialit\u00e9 des donn\u00e9es.<\/p>\n<p>Param\u00e9trer votre navigateur Internet:<\/p>\n<p>Vous pouvez \u00e0 tout moment choisir de d\u00e9sactiver ces cookies. Votre navigateur peut \u00e9galement \u00eatre param\u00e9tr\u00e9 pour vous signaler les cookies qui sont d\u00e9pos\u00e9s dans votre ordinateur et vous demander de les accepter ou pas. Vous pouvez accepter ou refuser les cookies au cas par cas ou bien les refuser syst\u00e9matiquement.<br \/>\nEn cas de refus de d\u00e9p\u00f4t de cookie, vous ne pourrez pas consulter le site www.mariameneghelli.com. Afin de g\u00e9rer les cookies au plus pr\u00e8s de vos attentes, nous vous invitons \u00e0 param\u00e9trer votre navigateur en tenant compte de la finalit\u00e9 des cookies.<\/p>\n","protected":false},"excerpt":{"rendered":"<p>Conform\u00e9ment aux dispositions de la loi n\u00b0 2004-575 du 21  [&#8230;]<\/p>\n","protected":false},"author":1,"featured_media":0,"parent":0,"menu_order":0,"comment_status":"closed","ping_status":"closed","template":"100-width.php","meta":{"inline_featured_image":false,"_monsterinsights_skip_tracking":false,"_monsterinsights_sitenote_active":false,"_monsterinsights_sitenote_note":"","_monsterinsights_sitenote_category":0,"footnotes":""},"class_list":["post-536","page","type-page","status-publish","hentry"],"yoast_head":"<!-- This site is optimized with the Yoast SEO plugin v27.1.1 - https:\/\/yoast.com\/product\/yoast-seo-wordpress\/ -->\n<title>Mentions l\u00e9gales et gestion des cookies - Maria Meneghelli<\/title>\n<meta name=\"robots\" content=\"index, follow, max-snippet:-1, max-image-preview:large, max-video-preview:-1\" \/>\n<link rel=\"canonical\" href=\"https:\/\/www.mariameneghelli.com\/index.php\/mentions-legales-et-gestion-des-cookies\/\" \/>\n<meta property=\"og:locale\" content=\"fr_FR\" \/>\n<meta property=\"og:type\" content=\"article\" \/>\n<meta property=\"og:title\" content=\"Mentions l\u00e9gales et gestion des cookies - Maria Meneghelli\" \/>\n<meta property=\"og:description\" content=\"Conform\u00e9ment aux dispositions de la loi n\u00b0 2004-575 du 21 [...]\" \/>\n<meta property=\"og:url\" content=\"https:\/\/www.mariameneghelli.com\/index.php\/mentions-legales-et-gestion-des-cookies\/\" \/>\n<meta property=\"og:site_name\" content=\"Maria Meneghelli\" \/>\n<meta property=\"article:modified_time\" content=\"2024-11-04T16:47:39+00:00\" \/>\n<meta name=\"twitter:card\" content=\"summary_large_image\" \/>\n<script type=\"application\/ld+json\" class=\"yoast-schema-graph\">{\"@context\":\"https:\/\/schema.org\",\"@graph\":[{\"@type\":\"WebPage\",\"@id\":\"https:\/\/www.mariameneghelli.com\/index.php\/mentions-legales-et-gestion-des-cookies\/\",\"url\":\"https:\/\/www.mariameneghelli.com\/index.php\/mentions-legales-et-gestion-des-cookies\/\",\"name\":\"Mentions l\u00e9gales et gestion des cookies - Maria Meneghelli\",\"isPartOf\":{\"@id\":\"https:\/\/www.mariameneghelli.com\/#website\"},\"datePublished\":\"2024-11-04T16:13:20+00:00\",\"dateModified\":\"2024-11-04T16:47:39+00:00\",\"breadcrumb\":{\"@id\":\"https:\/\/www.mariameneghelli.com\/index.php\/mentions-legales-et-gestion-des-cookies\/#breadcrumb\"},\"inLanguage\":\"fr-FR\",\"potentialAction\":[{\"@type\":\"ReadAction\",\"target\":[\"https:\/\/www.mariameneghelli.com\/index.php\/mentions-legales-et-gestion-des-cookies\/\"]}]},{\"@type\":\"BreadcrumbList\",\"@id\":\"https:\/\/www.mariameneghelli.com\/index.php\/mentions-legales-et-gestion-des-cookies\/#breadcrumb\",\"itemListElement\":[{\"@type\":\"ListItem\",\"position\":1,\"name\":\"Accueil\",\"item\":\"https:\/\/www.mariameneghelli.com\/\"},{\"@type\":\"ListItem\",\"position\":2,\"name\":\"Mentions l\u00e9gales et gestion des cookies\"}]},{\"@type\":\"WebSite\",\"@id\":\"https:\/\/www.mariameneghelli.com\/#website\",\"url\":\"https:\/\/www.mariameneghelli.com\/\",\"name\":\"Maria Meneghelli\",\"description\":\"\",\"potentialAction\":[{\"@type\":\"SearchAction\",\"target\":{\"@type\":\"EntryPoint\",\"urlTemplate\":\"https:\/\/www.mariameneghelli.com\/?s={search_term_string}\"},\"query-input\":{\"@type\":\"PropertyValueSpecification\",\"valueRequired\":true,\"valueName\":\"search_term_string\"}}],\"inLanguage\":\"fr-FR\"}]}<\/script>\n<!-- \/ Yoast SEO plugin. -->","yoast_head_json":{"title":"Mentions l\u00e9gales et gestion des cookies - Maria Meneghelli","robots":{"index":"index","follow":"follow","max-snippet":"max-snippet:-1","max-image-preview":"max-image-preview:large","max-video-preview":"max-video-preview:-1"},"canonical":"https:\/\/www.mariameneghelli.com\/index.php\/mentions-legales-et-gestion-des-cookies\/","og_locale":"fr_FR","og_type":"article","og_title":"Mentions l\u00e9gales et gestion des cookies - Maria Meneghelli","og_description":"Conform\u00e9ment aux dispositions de la loi n\u00b0 2004-575 du 21 [...]","og_url":"https:\/\/www.mariameneghelli.com\/index.php\/mentions-legales-et-gestion-des-cookies\/","og_site_name":"Maria Meneghelli","article_modified_time":"2024-11-04T16:47:39+00:00","twitter_card":"summary_large_image","schema":{"@context":"https:\/\/schema.org","@graph":[{"@type":"WebPage","@id":"https:\/\/www.mariameneghelli.com\/index.php\/mentions-legales-et-gestion-des-cookies\/","url":"https:\/\/www.mariameneghelli.com\/index.php\/mentions-legales-et-gestion-des-cookies\/","name":"Mentions l\u00e9gales et gestion des cookies - Maria Meneghelli","isPartOf":{"@id":"https:\/\/www.mariameneghelli.com\/#website"},"datePublished":"2024-11-04T16:13:20+00:00","dateModified":"2024-11-04T16:47:39+00:00","breadcrumb":{"@id":"https:\/\/www.mariameneghelli.com\/index.php\/mentions-legales-et-gestion-des-cookies\/#breadcrumb"},"inLanguage":"fr-FR","potentialAction":[{"@type":"ReadAction","target":["https:\/\/www.mariameneghelli.com\/index.php\/mentions-legales-et-gestion-des-cookies\/"]}]},{"@type":"BreadcrumbList","@id":"https:\/\/www.mariameneghelli.com\/index.php\/mentions-legales-et-gestion-des-cookies\/#breadcrumb","itemListElement":[{"@type":"ListItem","position":1,"name":"Accueil","item":"https:\/\/www.mariameneghelli.com\/"},{"@type":"ListItem","position":2,"name":"Mentions l\u00e9gales et gestion des cookies"}]},{"@type":"WebSite","@id":"https:\/\/www.mariameneghelli.com\/#website","url":"https:\/\/www.mariameneghelli.com\/","name":"Maria Meneghelli","description":"","potentialAction":[{"@type":"SearchAction","target":{"@type":"EntryPoint","urlTemplate":"https:\/\/www.mariameneghelli.com\/?s={search_term_string}"},"query-input":{"@type":"PropertyValueSpecification","valueRequired":true,"valueName":"search_term_string"}}],"inLanguage":"fr-FR"}]}},"_links":{"self":[{"href":"https:\/\/www.mariameneghelli.com\/index.php\/wp-json\/wp\/v2\/pages\/536","targetHints":{"allow":["GET"]}}],"collection":[{"href":"https:\/\/www.mariameneghelli.com\/index.php\/wp-json\/wp\/v2\/pages"}],"about":[{"href":"https:\/\/www.mariameneghelli.com\/index.php\/wp-json\/wp\/v2\/types\/page"}],"author":[{"embeddable":true,"href":"https:\/\/www.mariameneghelli.com\/index.php\/wp-json\/wp\/v2\/users\/1"}],"replies":[{"embeddable":true,"href":"https:\/\/www.mariameneghelli.com\/index.php\/wp-json\/wp\/v2\/comments?post=536"}],"version-history":[{"count":3,"href":"https:\/\/www.mariameneghelli.com\/index.php\/wp-json\/wp\/v2\/pages\/536\/revisions"}],"predecessor-version":[{"id":544,"href":"https:\/\/www.mariameneghelli.com\/index.php\/wp-json\/wp\/v2\/pages\/536\/revisions\/544"}],"wp:attachment":[{"href":"https:\/\/www.mariameneghelli.com\/index.php\/wp-json\/wp\/v2\/media?parent=536"}],"curies":[{"name":"wp","href":"https:\/\/api.w.org\/{rel}","templated":true}]}}